{"id":8,"date":"2022-10-16T10:24:57","date_gmt":"2022-10-16T10:24:57","guid":{"rendered":"https:\/\/grabomassage.se\/?page_id=8"},"modified":"2025-03-17T17:37:51","modified_gmt":"2025-03-17T17:37:51","slug":"grabo-massage","status":"publish","type":"page","link":"https:\/\/grabomassage.se\/","title":{"rendered":"Gr\u00e5bo massage och sk\u00f6nhet"},"content":{"rendered":"<p>[et_pb_section fb_built=&#8221;1&#8243; custom_padding_last_edited=&#8221;on|phone&#8221; _builder_version=&#8221;4.18.0&#8243; _module_preset=&#8221;default&#8221; background_video_mp4=&#8221;https:\/\/grabomassage.se\/wp-content\/uploads\/2022\/10\/grabo-massage-video.mp4&#8243; custom_padding=&#8221;80px||225px||false|false&#8221; custom_padding_tablet=&#8221;95px||225px||false|false&#8221; custom_padding_phone=&#8221;15px||100px||false|false&#8221; filter_brightness=&#8221;120%&#8221; animation_style=&#8221;fade&#8221; animation_delay=&#8221;100ms&#8221; global_colors_info=&#8221;{}&#8221;][et_pb_row _builder_version=&#8221;4.18.0&#8243; _module_preset=&#8221;default&#8221; global_colors_info=&#8221;{}&#8221;][et_pb_column type=&#8221;4_4&#8243; _builder_version=&#8221;4.16&#8243; _module_preset=&#8221;default&#8221; global_colors_info=&#8221;{}&#8221;][et_pb_text _builder_version=&#8221;4.27.4&#8243; _module_preset=&#8221;default&#8221; header_font=&#8221;Dancing Script||||||||&#8221; header_text_color=&#8221;#FFFFFF&#8221; header_font_size=&#8221;100px&#8221; header_letter_spacing=&#8221;5px&#8221; header_font_size_tablet=&#8221;100px&#8221; header_font_size_phone=&#8221;46px&#8221; header_font_size_last_edited=&#8221;on|phone&#8221; header_line_height_tablet=&#8221;&#8221; header_line_height_phone=&#8221;1.3em&#8221; header_line_height_last_edited=&#8221;on|phone&#8221; global_colors_info=&#8221;{}&#8221;]<\/p>\n<h1 style=\"text-align: center;\">Gr\u00e5bo Medicinsk Fotv\u00e5rd och Massage<\/h1>\n<p>[\/et_pb_text][et_pb_text _builder_version=&#8221;4.18.0&#8243; _module_preset=&#8221;default&#8221; text_font=&#8221;Source Sans Pro|300|||||||&#8221; text_text_color=&#8221;#FFFFFF&#8221; text_font_size=&#8221;12px&#8221; header_2_font=&#8221;Source Serif Pro|300|||||||&#8221; header_2_text_align=&#8221;center&#8221; header_2_text_color=&#8221;#FFFFFF&#8221; header_2_font_size=&#8221;22px&#8221; header_2_font_size_tablet=&#8221;22px&#8221; header_2_font_size_phone=&#8221;16px&#8221; header_2_font_size_last_edited=&#8221;on|phone&#8221; header_2_line_height_tablet=&#8221;&#8221; header_2_line_height_phone=&#8221;1.4em&#8221; header_2_line_height_last_edited=&#8221;on|phone&#8221; global_colors_info=&#8221;{}&#8221;]<\/p>\n<h2>Sp\u00e4nningar i nacken? Unna dig sj\u00e4lv en professionell djupg\u00e5ende klassisk massage i gr\u00e5bo<\/h2>\n<h2>Minskar tr\u00f6tthet, v\u00e4rk rygg, nacke och axlar. Passa p\u00e5 att utnyttja ditt friskv\u00e5rdsbidrag.<\/h2>\n<p>[\/et_pb_text][et_pb_button button_url=&#8221;#prislista&#8221; button_text=&#8221;Prislista&#8221; button_alignment=&#8221;center&#8221; _builder_version=&#8221;4.18.0&#8243; _module_preset=&#8221;default&#8221; custom_button=&#8221;on&#8221; button_text_size=&#8221;28px&#8221; button_text_color=&#8221;#FFFFFF&#8221; button_bg_color=&#8221;RGBA(255,255,255,0)&#8221; button_border_width=&#8221;2px&#8221; button_border_color=&#8221;#FFFFFF&#8221; button_border_radius=&#8221;40px&#8221; button_letter_spacing=&#8221;3px&#8221; button_font=&#8221;Dancing Script||||||||&#8221; button_use_icon=&#8221;off&#8221; custom_padding=&#8221;3px|100px|3px|100px|true|true&#8221; button_text_size_tablet=&#8221;28px&#8221; button_text_size_phone=&#8221;20px&#8221; button_text_size_last_edited=&#8221;on|phone&#8221; global_colors_info=&#8221;{}&#8221;][\/et_pb_button][et_pb_icon font_icon=&#8221;&#x37;||divi||400&#8243; icon_color=&#8221;#FFFFFF&#8221; icon_width=&#8221;40px&#8221; url=&#8221;#prislista&#8221; _builder_version=&#8221;4.18.0&#8243; _module_preset=&#8221;default&#8221; global_colors_info=&#8221;{}&#8221;][\/et_pb_icon][\/et_pb_column][\/et_pb_row][\/et_pb_section][et_pb_section fb_built=&#8221;1&#8243; _builder_version=&#8221;4.18.0&#8243; _module_preset=&#8221;default&#8221; custom_margin=&#8221;0px||0px||true|false&#8221; custom_padding=&#8221;0px||0px||true|false&#8221; box_shadow_style=&#8221;preset3&#8243; global_colors_info=&#8221;{}&#8221;][et_pb_row column_structure=&#8221;3_4,1_4&#8243; use_custom_gutter=&#8221;on&#8221; gutter_width=&#8221;1&#8243; custom_padding_last_edited=&#8221;on|phone&#8221; _builder_version=&#8221;4.18.0&#8243; _module_preset=&#8221;default&#8221; use_background_color_gradient=&#8221;on&#8221; background_color_gradient_direction=&#8221;129deg&#8221; background_color_gradient_stops=&#8221;#ff612f 0%|#e5007d 21%|#6c10b9 69%|#3b9cdb 100%&#8221; width=&#8221;100%&#8221; max_width=&#8221;2560px&#8221; module_alignment=&#8221;center&#8221; custom_margin=&#8221;0px||0px||false|false&#8221; custom_padding=&#8221;25px||25px||true|false&#8221; custom_padding_tablet=&#8221;25px||25px||true|false&#8221; custom_padding_phone=&#8221;25px||25px||true|false&#8221; global_colors_info=&#8221;{}&#8221;][et_pb_column type=&#8221;3_4&#8243; _builder_version=&#8221;4.18.0&#8243; _module_preset=&#8221;default&#8221; global_colors_info=&#8221;{}&#8221;][et_pb_text _builder_version=&#8221;4.18.0&#8243; _module_preset=&#8221;default&#8221; text_font=&#8221;Source Serif Pro|600|||||||&#8221; text_text_color=&#8221;#FFFFFF&#8221; text_font_size=&#8221;20px&#8221; text_line_height=&#8221;1.3em&#8221; width_tablet=&#8221;&#8221; width_phone=&#8221;95%&#8221; width_last_edited=&#8221;on|phone&#8221; custom_padding=&#8221;|20px||100px|false|false&#8221; custom_padding_tablet=&#8221;|20px||100px|false|false&#8221; custom_padding_phone=&#8221;|150px||0px|false|false&#8221; custom_padding_last_edited=&#8221;on|phone&#8221; animation_style=&#8221;fade&#8221; text_font_size_tablet=&#8221;18px&#8221; text_font_size_phone=&#8221;14px&#8221; text_font_size_last_edited=&#8221;on|phone&#8221; text_line_height_tablet=&#8221;1.3em&#8221; text_line_height_phone=&#8221;1.5em&#8221; text_line_height_last_edited=&#8221;on|phone&#8221; text_orientation_phone=&#8221;left&#8221; text_orientation_last_edited=&#8221;off|phone&#8221; module_alignment_tablet=&#8221;&#8221; module_alignment_phone=&#8221;center&#8221; module_alignment_last_edited=&#8221;on|phone&#8221; global_colors_info=&#8221;{}&#8221;]<\/p>\n<p>Har du inte anv\u00e4nt ditt friskv\u00e5rdsbidrag? Passa p\u00e5 att bjuda dig sj\u00e4lv p\u00e5 massage eller k\u00f6p ett presentkort p\u00e5 motsvarande summa som bidraget \u00e4r p\u00e5.<\/p>\n<p>[\/et_pb_text][\/et_pb_column][et_pb_column type=&#8221;1_4&#8243; _builder_version=&#8221;4.18.0&#8243; _module_preset=&#8221;default&#8221; global_colors_info=&#8221;{}&#8221;][et_pb_image src=&#8221;https:\/\/grabomassage.se\/wp-content\/uploads\/2022\/10\/epassi-logo-transparent-SE.png&#8221; title_text=&#8221;epassi-logo-transparent-SE&#8221; align_tablet=&#8221;&#8221; align_phone=&#8221;center&#8221; align_last_edited=&#8221;on|phone&#8221; _builder_version=&#8221;4.19.0&#8243; _module_preset=&#8221;default&#8221; width=&#8221;250px&#8221; width_tablet=&#8221;250px&#8221; width_phone=&#8221;150px&#8221; width_last_edited=&#8221;on|phone&#8221; custom_margin=&#8221;-106px||-106px||true|false&#8221; animation_style=&#8221;slide&#8221; animation_direction=&#8221;top&#8221; animation_intensity_slide=&#8221;5%&#8221; module_alignment_tablet=&#8221;&#8221; module_alignment_phone=&#8221;right&#8221; module_alignment_last_edited=&#8221;on|phone&#8221; global_colors_info=&#8221;{}&#8221;][\/et_pb_image][\/et_pb_column][\/et_pb_row][\/et_pb_section][et_pb_section fb_built=&#8221;1&#8243; _builder_version=&#8221;4.18.0&#8243; _module_preset=&#8221;default&#8221; use_background_color_gradient=&#8221;on&#8221; background_color_gradient_direction=&#8221;230deg&#8221; background_color_gradient_stops=&#8221;rgba(255,255,255,0) 1%|rgba(255,255,255,0.93) 41%&#8221; background_color_gradient_overlays_image=&#8221;on&#8221; background_image=&#8221;https:\/\/grabomassage.se\/wp-content\/uploads\/2022\/10\/Black-and-white-Circle-Elegant-Photographer-Hand-logo-1.svg&#8221; background_size=&#8221;contain&#8221; background_position=&#8221;top_left&#8221; positioning=&#8221;none&#8221; custom_margin=&#8221;||0px||false|false&#8221; custom_padding=&#8221;||0px||false|false&#8221; bottom_divider_style=&#8221;ramp2&#8243; bottom_divider_color=&#8221;#262626&#8243; bottom_divider_height=&#8221;75px&#8221; bottom_divider_flip=&#8221;horizontal&#8221; background_last_edited=&#8221;on|phone&#8221; background_color_gradient_direction_phone=&#8221;47deg&#8221; global_colors_info=&#8221;{}&#8221;][et_pb_row column_structure=&#8221;1_2,1_2&#8243; custom_padding_last_edited=&#8221;on|phone&#8221; module_id=&#8221;prislista&#8221; _builder_version=&#8221;4.18.0&#8243; _module_preset=&#8221;default&#8221; positioning=&#8221;none&#8221; z_index=&#8221;0&#8243; custom_padding=&#8221;35px||||false|false&#8221; custom_padding_tablet=&#8221;35px||||false|false&#8221; custom_padding_phone=&#8221;15px||0px||false|false&#8221; global_colors_info=&#8221;{}&#8221;][et_pb_column type=&#8221;1_2&#8243; _builder_version=&#8221;4.18.0&#8243; _module_preset=&#8221;default&#8221; global_colors_info=&#8221;{}&#8221;][dsm_pricelist separator_weight=&#8221;1px&#8221; separator_color=&#8221;#000000&#8243; _builder_version=&#8221;4.20.1&#8243; _module_preset=&#8221;default&#8221; header_font=&#8221;Source Serif Pro||||||||&#8221; content_font=&#8221;Source Serif Pro|300|||||||&#8221; content_text_color=&#8221;#000000&#8243; price_font=&#8221;Source Serif Pro||||||||&#8221; price_text_color=&#8221;#f94fa0&#8243; price_font_size=&#8221;24px&#8221; price_letter_spacing=&#8221;1px&#8221; positioning=&#8221;relative&#8221; z_index=&#8221;500&#8243; custom_margin=&#8221;0px||0px||true|false&#8221; custom_padding=&#8221;0px||0px||true|false&#8221; header_font_size_tablet=&#8221;&#8221; header_font_size_phone=&#8221;18px&#8221; header_font_size_last_edited=&#8221;on|phone&#8221; header_letter_spacing_tablet=&#8221;&#8221; header_letter_spacing_phone=&#8221;1px&#8221; header_letter_spacing_last_edited=&#8221;on|phone&#8221; header_line_height_tablet=&#8221;&#8221; header_line_height_phone=&#8221;1.4em&#8221; header_line_height_last_edited=&#8221;on|phone&#8221; global_colors_info=&#8221;{}&#8221;][dsm_pricelist_child price=&#8221;700kr&#8221; title=&#8221;Djup helkroppsmassage 60min&#8221; _builder_version=&#8221;4.20.1&#8243; _module_preset=&#8221;default&#8221; z_index=&#8221;1&#8243; custom_margin=&#8221;0px||0px||false|false&#8221; custom_padding=&#8221;0px||0px||false|false&#8221; global_colors_info=&#8221;{}&#8221;]<\/p>\n<p>60 minuter djup massage som \u00f6kar kroppens blodcirkulation och lindrar v\u00e4rk och sm\u00e4rta i axlar, rygg och nacke b\u00e5de under behandling och efter\u00e5t.<\/p>\n<p>[\/dsm_pricelist_child][dsm_pricelist_child price=&#8221;500kr&#8221; title=&#8221;Halvkroppsmassage 30min&#8221; _builder_version=&#8221;4.20.1&#8243; _module_preset=&#8221;default&#8221; custom_margin=&#8221;0px||0px||false|false&#8221; custom_padding=&#8221;0px||0px||false|false&#8221; global_colors_info=&#8221;{}&#8221;]<\/p>\n<p>30 minuters halvkroppsmassage v\u00e4ljer du sj\u00e4lv vilket omr\u00e5de du vill fokusera p\u00e5. Bra f\u00f6r dig som \u00e4r upptagen och vill lindra v\u00e4rk i muskler och leder.<\/p>\n<p>[\/dsm_pricelist_child][dsm_pricelist_child price=&#8221;400kr&#8221; title=&#8221;L\u00e4tt ansiktsbehandling&#8221; _builder_version=&#8221;4.18.0&#8243; _module_preset=&#8221;default&#8221; custom_margin=&#8221;0px||0px||false|false&#8221; custom_padding=&#8221;0px||0px||false|false&#8221; global_colors_info=&#8221;{}&#8221;]<\/p>\n<p>Djupreng\u00f6rande ansiktsbehandling f\u00f6r ett l\u00e5gt pris. Reng\u00f6r ditt ansiktet p\u00e5 djupet f\u00f6r en renare k\u00e4nsla.<\/p>\n<p>[\/dsm_pricelist_child][dsm_pricelist_child price=&#8221;850kr&#8221; title=&#8221;Kosmetisk akupunktur 60min&#8221; _builder_version=&#8221;4.18.0&#8243; _module_preset=&#8221;default&#8221; custom_margin=&#8221;0px||0px||false|false&#8221; custom_padding=&#8221;0px||0px||false|false&#8221; global_colors_info=&#8221;{}&#8221;]<\/p>\n<p>L\u00e4s mer om kosmetisk akupunktur h\u00e4r.<\/p>\n<p><strong>Erbjudande: 500 kr rabatt vid k\u00f6p av kort p\u00e5 5 behandlingar.<\/strong><\/p>\n<p>[\/dsm_pricelist_child][dsm_pricelist_child price=&#8221;1100kr &#8221; title=&#8221;Kosmetisk akupunktur lyx 80min&#8221; _builder_version=&#8221;4.18.0&#8243; _module_preset=&#8221;default&#8221; custom_margin=&#8221;0px||0px||false|false&#8221; custom_padding=&#8221;0px||0px||false|false&#8221; global_colors_info=&#8221;{}&#8221;]L\u00e4s mer om kosmetisk akupunktur h\u00e4r.<\/p>\n<p><strong>Erbjudande: 700 kr rabatt vid k\u00f6p av kort p\u00e5 5 behandlinga<\/strong>[\/dsm_pricelist_child][\/dsm_pricelist][dsm_blob_image blob_image=&#8221;https:\/\/grabomassage.se\/wp-content\/uploads\/2025\/03\/IMG_0726-scaled.webp&#8221; alt=&#8221;Gr\u00e5bo massage och sk\u00f6nhet&#8221; title_text=&#8221;IMG_0726&#8243; _builder_version=&#8221;4.27.4&#8243; _module_preset=&#8221;default&#8221; z_index=&#8221;165&#8243; custom_padding=&#8221;||25px||false|false&#8221; custom_padding_tablet=&#8221;||25px||false|false&#8221; custom_padding_phone=&#8221;10px||50px||false|false&#8221; custom_padding_last_edited=&#8221;on|phone&#8221; animation_style=&#8221;fade&#8221; global_colors_info=&#8221;{}&#8221;][\/dsm_blob_image][\/et_pb_column][et_pb_column type=&#8221;1_2&#8243; _builder_version=&#8221;4.18.0&#8243; _module_preset=&#8221;default&#8221; global_colors_info=&#8221;{}&#8221;][dsm_pricelist separator_weight=&#8221;1px&#8221; separator_color=&#8221;#000000&#8243; _builder_version=&#8221;4.27.4&#8243; _module_preset=&#8221;default&#8221; header_font=&#8221;Source Serif Pro||||||||&#8221; content_font=&#8221;Source Serif Pro|300|||||||&#8221; content_text_color=&#8221;#000000&#8243; price_font=&#8221;Source Serif Pro||||||||&#8221; price_text_color=&#8221;#f94fa0&#8243; price_font_size=&#8221;24px&#8221; price_letter_spacing=&#8221;1px&#8221; custom_margin=&#8221;0px||0px||true|false&#8221; custom_padding=&#8221;0px||0px||true|false&#8221; header_font_size_tablet=&#8221;&#8221; header_font_size_phone=&#8221;18px&#8221; header_font_size_last_edited=&#8221;on|phone&#8221; header_letter_spacing_tablet=&#8221;&#8221; header_letter_spacing_phone=&#8221;1px&#8221; header_letter_spacing_last_edited=&#8221;on|phone&#8221; header_line_height_tablet=&#8221;&#8221; header_line_height_phone=&#8221;1.4em&#8221; header_line_height_last_edited=&#8221;on|phone&#8221; global_colors_info=&#8221;{}&#8221;][dsm_pricelist_child price=&#8221;400kr&#8221; title=&#8221;H\u00e5rklippning&#8221; _builder_version=&#8221;4.18.0&#8243; _module_preset=&#8221;default&#8221; custom_margin=&#8221;0px||0px||false|false&#8221; custom_padding=&#8221;0px||0px||false|false&#8221; global_colors_info=&#8221;{}&#8221;]<\/p>\n<p>Herr och damklippning | L\u00e5ngt eller kort h\u00e5r<\/p>\n<p>[\/dsm_pricelist_child][dsm_pricelist_child price=&#8221;750kr&#8221; title=&#8221;Medicinsk Fotv\u00e5rd&#8221; _builder_version=&#8221;4.27.4&#8243; _module_preset=&#8221;default&#8221; custom_margin=&#8221;0px||0px||false|false&#8221; custom_padding=&#8221;0px||0px||false|false&#8221; global_colors_info=&#8221;{}&#8221;]<\/p>\n<p>Djupreng\u00f6ring och sk\u00f6tsel f\u00f6r din f\u00f6tter.<\/p>\n<p>[\/dsm_pricelist_child][dsm_pricelist_child price=&#8221;850kr&#8221; title=&#8221;Medicinsk Fotv\u00e5rd | Hembes\u00f6k&#8221; _builder_version=&#8221;4.27.4&#8243; _module_preset=&#8221;default&#8221; custom_margin=&#8221;0px||0px||false|false&#8221; custom_padding=&#8221;0px||0px||false|false&#8221; global_colors_info=&#8221;{}&#8221;]<\/p>\n<p>Djupreng\u00f6ring och sk\u00f6tsel f\u00f6r din f\u00f6tter i ditt hem.<\/p>\n<p>[\/dsm_pricelist_child][dsm_pricelist_child price=&#8221;300kr&#8221; title=&#8221;Tr\u00e5dning&#8221; _builder_version=&#8221;4.18.0&#8243; _module_preset=&#8221;default&#8221; custom_margin=&#8221;0px||0px||false|false&#8221; custom_padding=&#8221;0px||0px||false|false&#8221; global_colors_info=&#8221;{}&#8221;]<\/p>\n<p>Tr\u00e5ding f\u00f6r hela ansiktet. Tvinar bort h\u00e5rroten f\u00f6r ett l\u00e5ngtvarigt resultat.<\/p>\n<p>[\/dsm_pricelist_child][dsm_pricelist_child price=&#8221;200kr&#8221; title=&#8221;\u00d6gonbryn&#8221; _builder_version=&#8221;4.18.0&#8243; _module_preset=&#8221;default&#8221; custom_margin=&#8221;0px||0px||false|false&#8221; custom_padding=&#8221;0px||0px||false|false&#8221; global_colors_info=&#8221;{}&#8221;][\/dsm_pricelist_child][\/dsm_pricelist][et_pb_text _builder_version=&#8221;4.27.4&#8243; _module_preset=&#8221;default&#8221; header_3_font=&#8221;Source Serif Pro||||||||&#8221; header_4_font=&#8221;Source Serif Pro||||||||&#8221; header_4_text_color=&#8221;#0C71C3&#8243; header_4_font_size=&#8221;20px&#8221; global_colors_info=&#8221;{}&#8221;]<\/p>\n<h3>V\u00e4lkommen till Gr\u00e5bo<\/h3>\n<h3>Medicinsk Fotv\u00e5rd och Massage<\/h3>\n<h4><em><a href=\"https:\/\/grabomassage.se\/index.php\/kontakt\/\">Kontakt\u00a0<\/a><\/em><\/h4>\n<p>[\/et_pb_text][et_pb_button button_url=&#8221;https:\/\/grabomassage.se\/#boka&#8221; button_text=&#8221;Boka behandling&#8221; button_alignment=&#8221;center&#8221; _builder_version=&#8221;4.27.4&#8243; _module_preset=&#8221;default&#8221; custom_button=&#8221;on&#8221; button_text_size=&#8221;18px&#8221; button_text_color=&#8221;#FFFFFF&#8221; button_bg_color=&#8221;#E02B20&#8243; button_bg_use_color_gradient=&#8221;on&#8221; button_bg_color_gradient_direction=&#8221;90deg&#8221; button_bg_color_gradient_stops=&#8221;#e5007d 0%|rgba(178, 53, 137, 1) 28%|#6c10b9 69%|#3b9cdb 100%&#8221; button_border_width=&#8221;0px&#8221; button_border_radius=&#8221;5px&#8221; button_letter_spacing=&#8221;1px&#8221; button_font=&#8221;Source Serif Pro|300|||||||&#8221; custom_padding=&#8221;10px||10px||true|true&#8221; custom_css_main_element=&#8221;width: 100%;&#8221; global_colors_info=&#8221;{}&#8221;][\/et_pb_button][et_pb_button button_url=&#8221;https:\/\/grabomassage.se\/#boka&#8221; button_text=&#8221;Boka Direkt&#8221; button_alignment=&#8221;center&#8221; _builder_version=&#8221;4.27.4&#8243; _module_preset=&#8221;default&#8221; custom_button=&#8221;on&#8221; button_text_size=&#8221;18px&#8221; button_text_color=&#8221;#000000&#8243; button_border_width=&#8221;1px&#8221; button_border_color=&#8221;#000000&#8243; button_border_radius=&#8221;5px&#8221; button_letter_spacing=&#8221;1px&#8221; button_font=&#8221;Source Serif Pro|300|||||||&#8221; custom_margin=&#8221;-15px||||false|false&#8221; custom_padding=&#8221;10px||10px||true|true&#8221; custom_css_main_element=&#8221;width: 100%;&#8221; global_colors_info=&#8221;{}&#8221;][\/et_pb_button][dsm_blob_image blob_image=&#8221;https:\/\/grabomassage.se\/wp-content\/uploads\/2022\/10\/grabo-massage-och-skonhet-1024&#215;683.webp&#8221; alt=&#8221;Gr\u00e5bo massage och sk\u00f6nhet&#8221; title_text=&#8221;grabo-massage-och-skonhet&#8221; _builder_version=&#8221;4.19.0&#8243; _module_preset=&#8221;default&#8221; z_index=&#8221;165&#8243; custom_padding=&#8221;||25px||false|false&#8221; custom_padding_tablet=&#8221;||25px||false|false&#8221; custom_padding_phone=&#8221;10px||50px||false|false&#8221; custom_padding_last_edited=&#8221;on|phone&#8221; animation_style=&#8221;fade&#8221; global_colors_info=&#8221;{}&#8221;][\/dsm_blob_image][\/et_pb_column][\/et_pb_row][\/et_pb_section]<\/p>\n","protected":false},"excerpt":{"rendered":"<p>Gr\u00e5bo Medicinsk Fotv\u00e5rd och MassageSp\u00e4nningar i nacken? Unna dig sj\u00e4lv en professionell djupg\u00e5ende klassisk massage i gr\u00e5bo Minskar tr\u00f6tthet, v\u00e4rk rygg, nacke och axlar. Passa p\u00e5 att utnyttja ditt friskv\u00e5rdsbidrag.Har du inte anv\u00e4nt ditt friskv\u00e5rdsbidrag? Passa p\u00e5 att bjuda dig sj\u00e4lv p\u00e5 massage eller k\u00f6p ett presentkort p\u00e5 motsvarande summa som bidraget \u00e4r p\u00e5.<div class=\"et_pb_module dsm_pricelist dsm_pricelist_0\">\n\t\t\t\t\n\t\t\t\t\n\t\t\t\t\n\t\t\t\t\n\t\t\t\t\n\t\t\t\t\n\t\t\t\t<div class=\"et_pb_module_inner\">\n\t\t\t\t\t<div class=\"dsm_pricelist\"><\/div>\n\t\t\t\t<\/div>\n\t\t\t<\/div><\/p>\n","protected":false},"author":1,"featured_media":11,"parent":0,"menu_order":0,"comment_status":"closed","ping_status":"closed","template":"","meta":{"_et_pb_use_builder":"on","_et_pb_old_content":"","_et_gb_content_width":"","footnotes":""},"class_list":["post-8","page","type-page","status-publish","has-post-thumbnail","hentry"],"_links":{"self":[{"href":"https:\/\/grabomassage.se\/index.php\/wp-json\/wp\/v2\/pages\/8","targetHints":{"allow":["GET"]}}],"collection":[{"href":"https:\/\/grabomassage.se\/index.php\/wp-json\/wp\/v2\/pages"}],"about":[{"href":"https:\/\/grabomassage.se\/index.php\/wp-json\/wp\/v2\/types\/page"}],"author":[{"embeddable":true,"href":"https:\/\/grabomassage.se\/index.php\/wp-json\/wp\/v2\/users\/1"}],"replies":[{"embeddable":true,"href":"https:\/\/grabomassage.se\/index.php\/wp-json\/wp\/v2\/comments?post=8"}],"version-history":[{"count":49,"href":"https:\/\/grabomassage.se\/index.php\/wp-json\/wp\/v2\/pages\/8\/revisions"}],"predecessor-version":[{"id":290,"href":"https:\/\/grabomassage.se\/index.php\/wp-json\/wp\/v2\/pages\/8\/revisions\/290"}],"wp:featuredmedia":[{"embeddable":true,"href":"https:\/\/grabomassage.se\/index.php\/wp-json\/wp\/v2\/media\/11"}],"wp:attachment":[{"href":"https:\/\/grabomassage.se\/index.php\/wp-json\/wp\/v2\/media?parent=8"}],"curies":[{"name":"wp","href":"https:\/\/api.w.org\/{rel}","templated":true}]}}