{"id":129,"date":"2022-10-30T12:46:52","date_gmt":"2022-10-30T12:46:52","guid":{"rendered":"https:\/\/grabomassage.se\/?page_id=129"},"modified":"2022-11-01T11:06:46","modified_gmt":"2022-11-01T11:06:46","slug":"kosmetisk-akupunktur","status":"publish","type":"page","link":"https:\/\/grabomassage.se\/index.php\/kosmetisk-akupunktur\/","title":{"rendered":"Kosmetisk akupunktur"},"content":{"rendered":"<p>[et_pb_section fb_built=&#8221;1&#8243; _builder_version=&#8221;4.18.1&#8243; _module_preset=&#8221;default&#8221; background_image=&#8221;https:\/\/grabomassage.se\/wp-content\/uploads\/2022\/10\/kosmetiskt-akupunktur.webp&#8221; background_size=&#8221;initial&#8221; bottom_divider_style_last_edited=&#8221;off|desktop&#8221; global_colors_info=&#8221;{}&#8221;][et_pb_row _builder_version=&#8221;4.18.1&#8243; _module_preset=&#8221;default&#8221; custom_padding=&#8221;65px||65px||true|false&#8221; global_colors_info=&#8221;{}&#8221;][et_pb_column type=&#8221;4_4&#8243; _builder_version=&#8221;4.18.0&#8243; _module_preset=&#8221;default&#8221; global_colors_info=&#8221;{}&#8221;][et_pb_text _builder_version=&#8221;4.18.1&#8243; _module_preset=&#8221;default&#8221; header_font=&#8221;Source Serif Pro|700|||||||&#8221; header_text_align=&#8221;center&#8221; header_text_color=&#8221;#FFFFFF&#8221; header_font_size=&#8221;60px&#8221; hover_enabled=&#8221;0&#8243; global_colors_info=&#8221;{}&#8221; sticky_enabled=&#8221;0&#8243;]<\/p>\n<h1>Kosmetisk akupunktur<\/h1>\n<p>[\/et_pb_text][\/et_pb_column][\/et_pb_row][\/et_pb_section][et_pb_section fb_built=&#8221;1&#8243; _builder_version=&#8221;4.18.0&#8243; _module_preset=&#8221;default&#8221; global_colors_info=&#8221;{}&#8221;][et_pb_row column_structure=&#8221;2_3,1_3&#8243; _builder_version=&#8221;4.18.1&#8243; _module_preset=&#8221;default&#8221; custom_padding=&#8221;0px||50px||false|false&#8221; global_colors_info=&#8221;{}&#8221;][et_pb_column type=&#8221;2_3&#8243; _builder_version=&#8221;4.18.0&#8243; _module_preset=&#8221;default&#8221; global_colors_info=&#8221;{}&#8221;][et_pb_text _builder_version=&#8221;4.18.1&#8243; _module_preset=&#8221;default&#8221; header_2_font=&#8221;Source Serif Pro|600|||||||&#8221; animation_direction=&#8221;top&#8221; global_colors_info=&#8221;{}&#8221;]<\/p>\n<h2>Hur g\u00e5r en behandling i Kosmetisk akupunktur till?<\/h2>\n<p>Vid kosmetisk akupunktur behandlas man med 15-70 sm\u00e5 tunna n\u00e5lar i ansiktet och p\u00e5 kroppen. Behandlingen tar mellan 60-80 minuter och du beh\u00f6ver vara beredd p\u00e5 att ligga helt stilla en stor del av tiden, eftersom n\u00e5larna som s\u00e4tts v\u00e4ldigt ytligt annars kan trilla ut.<\/p>\n<p>[\/et_pb_text][et_pb_text _builder_version=&#8221;4.18.0&#8243; _module_preset=&#8221;default&#8221; header_2_font=&#8221;Source Serif Pro|600|||||||&#8221; global_colors_info=&#8221;{}&#8221;]<\/p>\n<h2>Hur fungerar Kosmetisk akupunktur?<\/h2>\n<p>N\u00e5lsticket skapar ett mikrotrauma och en mikroinflammation i huden. Din kropp svarar med att skicka blod till omr\u00e5det. Blodpl\u00e4ttarna utl\u00f6ser koagulationsfaktorer och viktiga tillv\u00e4xtfaktorer. N\u00e5larna vidr\u00f6r ej det undre hudlagret utan de skapar en liten kanal till det yttre hudlagret som \u00e4r kopplat till fibroblaster. Fibroblaster skapar och l\u00e4mnar ny extracellul\u00e4r matris med kollagen och elastin. Din hud reparerar sig sj\u00e4lv, ny kollagen byggs upp i underhuden just under ytan. Rynkorna fylls d\u00e5 ut utan anv\u00e4ndandet av n\u00e5got onaturligt \u00e4mne.<\/p>\n<p>[\/et_pb_text][et_pb_text _builder_version=&#8221;4.18.0&#8243; _module_preset=&#8221;default&#8221; header_2_font=&#8221;Source Serif Pro|600|||||||&#8221; global_colors_info=&#8221;{}&#8221;]<\/p>\n<h2>Hur m\u00e5nga behandlingar beh\u00f6vs?<\/h2>\n<p>Redan efter 3-4 behandlingar kan man r\u00e4kna med att det b\u00f6rjar synas. Men f\u00f6r b\u00e4st effekt ges runt 10 behandlingar i en serie. 1-2 g\u00e5nger per vecka \u00e4r lagom. Oftas beh\u00f6vs det 7-8 behandlingar f\u00f6r att ge ett varaktigt resultat och efter det en \u2018boost\u2019 var 6-8:e vecka.<\/p>\n<p>[\/et_pb_text][et_pb_text _builder_version=&#8221;4.18.0&#8243; _module_preset=&#8221;default&#8221; header_2_font=&#8221;Source Serif Pro|600|||||||&#8221; global_colors_info=&#8221;{}&#8221;]<\/p>\n<h2>G\u00f6r det ont?<\/h2>\n<p>Sj\u00e4lva ins\u00e4ttningen kan i vissa fall sticka till som ett myggbett men m\u00e5nga g\u00e5nger k\u00e4nns ingenting. Jag anv\u00e4nder mycket tunna och ytliga n\u00e5lar. Dessutom s\u00e4tter jag om s\u00e5 \u00f6nskas, sm\u00e4rtlindrande punkter i armarna som bed\u00f6var ytterligare. Allt f\u00f6r att behandlingen ska bli s\u00e5 avkopplande och behaglig som m\u00f6jligt. Jag har stor respekt f\u00f6r eventuell n\u00e5lr\u00e4dsla och i s\u00e5dana fall tar vi det l\u00e5ngsamt steg f\u00f6r steg.<\/p>\n<p>[\/et_pb_text][et_pb_text _builder_version=&#8221;4.18.0&#8243; _module_preset=&#8221;default&#8221; header_2_font=&#8221;Source Serif Pro|600|||||||&#8221; global_colors_info=&#8221;{}&#8221;]<\/p>\n<h2>Att t\u00e4nka p\u00e5<\/h2>\n<p>Det kan i enstaka fall bildas sm\u00e5 bl\u00e5m\u00e4rken p\u00e5 huden i ansiktet. Det \u00e4r inget farligt och l\u00e4ker normalt fortare \u00e4n ett vanligt bl\u00e5m\u00e4rke.<br \/>Eftersom blodfl\u00f6det \u00f6kar s\u00e5 pass mycket i ansiktet kan det trigga ig\u00e5ng migr\u00e4n hos dem som lider utav det.<br \/>Du som medicineras f\u00f6r h\u00f6gt eller l\u00e5gt blodtryck b\u00f6r ha det under kontroll innan akupunktur.<br \/>Om du anv\u00e4nt Botox b\u00f6r det dr\u00f6ja minst 12 veckor innan du g\u00e5r p\u00e5 Kosmetisk akupunktur.<\/p>\n<p>[\/et_pb_text][\/et_pb_column][et_pb_column type=&#8221;1_3&#8243; _builder_version=&#8221;4.18.0&#8243; _module_preset=&#8221;default&#8221; global_colors_info=&#8221;{}&#8221;][et_pb_blurb title=&#8221;\u00d6kad kollagen och keratinproduktion&#8221; use_icon=&#8221;on&#8221; font_icon=&#8221;&#x4c;||divi||400&#8243; icon_color=&#8221;#8300E9&#8243; icon_placement=&#8221;left&#8221; _builder_version=&#8221;4.18.1&#8243; _module_preset=&#8221;default&#8221; header_font=&#8221;Source Serif Pro||||||||&#8221; header_line_height=&#8221;1.3em&#8221; custom_margin=&#8221;15px||15px||true|false&#8221; custom_padding=&#8221;0px||0px||true|false&#8221; global_colors_info=&#8221;{}&#8221;]<\/p>\n<p>Tack vare \u00f6kad blodcirkulation till huden<\/p>\n<p>[\/et_pb_blurb][et_pb_blurb title=&#8221;Ger sp\u00e4nst i slapp hud&#8221; use_icon=&#8221;on&#8221; font_icon=&#8221;&#x4c;||divi||400&#8243; icon_color=&#8221;#8300E9&#8243; icon_placement=&#8221;left&#8221; _builder_version=&#8221;4.18.1&#8243; _module_preset=&#8221;default&#8221; header_font=&#8221;Source Serif Pro||||||||&#8221; header_line_height=&#8221;1.9em&#8221; custom_margin=&#8221;15px||15px||true|false&#8221; custom_padding=&#8221;0px||0px||true|false&#8221; global_colors_info=&#8221;{}&#8221;][\/et_pb_blurb][et_pb_blurb title=&#8221;Minskar rynkor och tar bort fina linjer&#8221; use_icon=&#8221;on&#8221; font_icon=&#8221;&#x4c;||divi||400&#8243; icon_color=&#8221;#8300E9&#8243; icon_placement=&#8221;left&#8221; _builder_version=&#8221;4.18.1&#8243; _module_preset=&#8221;default&#8221; header_font=&#8221;Source Serif Pro||||||||&#8221; header_line_height=&#8221;1.9em&#8221; custom_margin=&#8221;15px||15px||true|false&#8221; custom_padding=&#8221;0px||0px||true|false&#8221; global_colors_info=&#8221;{}&#8221;][\/et_pb_blurb][et_pb_blurb title=&#8221;Ger huden b\u00e4ttre lyster&#8221; use_icon=&#8221;on&#8221; font_icon=&#8221;&#x4c;||divi||400&#8243; icon_color=&#8221;#8300E9&#8243; icon_placement=&#8221;left&#8221; _builder_version=&#8221;4.18.1&#8243; _module_preset=&#8221;default&#8221; header_font=&#8221;Source Serif Pro||||||||&#8221; header_line_height=&#8221;2em&#8221; custom_margin=&#8221;15px||15px||true|false&#8221; custom_padding=&#8221;0px||0px||true|false&#8221; global_colors_info=&#8221;{}&#8221;][\/et_pb_blurb][et_pb_blurb title=&#8221;Minskar p\u00e5sar under \u00f6gonen&#8221; use_icon=&#8221;on&#8221; font_icon=&#8221;&#x4c;||divi||400&#8243; icon_color=&#8221;#8300E9&#8243; icon_placement=&#8221;left&#8221; _builder_version=&#8221;4.18.1&#8243; _module_preset=&#8221;default&#8221; header_font=&#8221;Source Serif Pro||||||||&#8221; header_line_height=&#8221;2em&#8221; custom_margin=&#8221;15px||15px||true|false&#8221; custom_padding=&#8221;0px||0px||true|false&#8221; global_colors_info=&#8221;{}&#8221;][\/et_pb_blurb][et_pb_blurb title=&#8221;Reducerar dubbelhaka&#8221; use_icon=&#8221;on&#8221; font_icon=&#8221;&#x4c;||divi||400&#8243; icon_color=&#8221;#8300E9&#8243; icon_placement=&#8221;left&#8221; _builder_version=&#8221;4.18.1&#8243; _module_preset=&#8221;default&#8221; header_font=&#8221;Source Serif Pro||||||||&#8221; header_line_height=&#8221;2em&#8221; custom_margin=&#8221;15px||15px||true|false&#8221; custom_padding=&#8221;0px||0px||true|false&#8221; global_colors_info=&#8221;{}&#8221;][\/et_pb_blurb][et_pb_blurb title=&#8221;Lyfter h\u00e4ngade \u00f6gonlock&#8221; use_icon=&#8221;on&#8221; font_icon=&#8221;&#x4c;||divi||400&#8243; icon_color=&#8221;#8300E9&#8243; icon_placement=&#8221;left&#8221; _builder_version=&#8221;4.18.1&#8243; _module_preset=&#8221;default&#8221; header_font=&#8221;Source Serif Pro||||||||&#8221; header_line_height=&#8221;2em&#8221; custom_margin=&#8221;15px||15px||true|false&#8221; custom_padding=&#8221;0px||0px||true|false&#8221; global_colors_info=&#8221;{}&#8221;][\/et_pb_blurb][et_pb_blurb title=&#8221;Minskar porer&#8221; use_icon=&#8221;on&#8221; font_icon=&#8221;&#x4c;||divi||400&#8243; icon_color=&#8221;#8300E9&#8243; icon_placement=&#8221;left&#8221; _builder_version=&#8221;4.18.1&#8243; _module_preset=&#8221;default&#8221; header_font=&#8221;Source Serif Pro||||||||&#8221; header_line_height=&#8221;2em&#8221; custom_margin=&#8221;15px||15px||true|false&#8221; custom_padding=&#8221;0px||0px||true|false&#8221; global_colors_info=&#8221;{}&#8221;][\/et_pb_blurb][et_pb_blurb title=&#8221;Ger klarare blick&#8221; use_icon=&#8221;on&#8221; font_icon=&#8221;&#x4c;||divi||400&#8243; icon_color=&#8221;#8300E9&#8243; icon_placement=&#8221;left&#8221; _builder_version=&#8221;4.18.1&#8243; _module_preset=&#8221;default&#8221; header_font=&#8221;Source Serif Pro||||||||&#8221; header_line_height=&#8221;2em&#8221; custom_margin=&#8221;15px||15px||true|false&#8221; custom_padding=&#8221;0px||0px||true|false&#8221; global_colors_info=&#8221;{}&#8221;][\/et_pb_blurb][et_pb_blurb title=&#8221;Mjukg\u00f6r huden&#8221; use_icon=&#8221;on&#8221; font_icon=&#8221;&#x4c;||divi||400&#8243; icon_color=&#8221;#8300E9&#8243; icon_placement=&#8221;left&#8221; _builder_version=&#8221;4.18.1&#8243; _module_preset=&#8221;default&#8221; header_font=&#8221;Source Serif Pro||||||||&#8221; header_line_height=&#8221;2em&#8221; custom_margin=&#8221;15px||15px||true|false&#8221; custom_padding=&#8221;0px||0px||true|false&#8221; global_colors_info=&#8221;{}&#8221;][\/et_pb_blurb][et_pb_blurb title=&#8221;Ger ett piggare och fr\u00e4schare intryck&#8221; use_icon=&#8221;on&#8221; font_icon=&#8221;&#x4c;||divi||400&#8243; icon_color=&#8221;#8300E9&#8243; icon_placement=&#8221;left&#8221; _builder_version=&#8221;4.18.1&#8243; _module_preset=&#8221;default&#8221; header_font=&#8221;Source Serif Pro||||||||&#8221; header_line_height=&#8221;2em&#8221; custom_margin=&#8221;15px||15px||true|false&#8221; custom_padding=&#8221;0px||0px||true|false&#8221; global_colors_info=&#8221;{}&#8221;][\/et_pb_blurb][et_pb_blurb title=&#8221;F\u00f6rst\u00e4rker immunf\u00f6rsvaret&#8221; use_icon=&#8221;on&#8221; font_icon=&#8221;&#x4c;||divi||400&#8243; icon_color=&#8221;#8300E9&#8243; icon_placement=&#8221;left&#8221; _builder_version=&#8221;4.18.1&#8243; _module_preset=&#8221;default&#8221; header_font=&#8221;Source Serif Pro||||||||&#8221; header_line_height=&#8221;2em&#8221; custom_margin=&#8221;15px||15px||true|false&#8221; custom_padding=&#8221;0px||0px||true|false&#8221; global_colors_info=&#8221;{}&#8221;][\/et_pb_blurb][\/et_pb_column][\/et_pb_row][\/et_pb_section]<\/p>\n","protected":false},"excerpt":{"rendered":"<p>Kosmetisk akupunkturHur g\u00e5r en behandling i Kosmetisk akupunktur till? Vid kosmetisk akupunktur behandlas man med 15-70 sm\u00e5 tunna n\u00e5lar i ansiktet och p\u00e5 kroppen. Behandlingen tar mellan 60-80 minuter och du beh\u00f6ver vara beredd p\u00e5 att ligga helt stilla en stor del av tiden, eftersom n\u00e5larna som s\u00e4tts v\u00e4ldigt ytligt annars kan trilla ut.Hur fungerar [&hellip;]<\/p>\n","protected":false},"author":1,"featured_media":0,"parent":0,"menu_order":0,"comment_status":"closed","ping_status":"closed","template":"","meta":{"_et_pb_use_builder":"on","_et_pb_old_content":"","_et_gb_content_width":"","footnotes":""},"class_list":["post-129","page","type-page","status-publish","hentry"],"_links":{"self":[{"href":"https:\/\/grabomassage.se\/index.php\/wp-json\/wp\/v2\/pages\/129","targetHints":{"allow":["GET"]}}],"collection":[{"href":"https:\/\/grabomassage.se\/index.php\/wp-json\/wp\/v2\/pages"}],"about":[{"href":"https:\/\/grabomassage.se\/index.php\/wp-json\/wp\/v2\/types\/page"}],"author":[{"embeddable":true,"href":"https:\/\/grabomassage.se\/index.php\/wp-json\/wp\/v2\/users\/1"}],"replies":[{"embeddable":true,"href":"https:\/\/grabomassage.se\/index.php\/wp-json\/wp\/v2\/comments?post=129"}],"version-history":[{"count":11,"href":"https:\/\/grabomassage.se\/index.php\/wp-json\/wp\/v2\/pages\/129\/revisions"}],"predecessor-version":[{"id":258,"href":"https:\/\/grabomassage.se\/index.php\/wp-json\/wp\/v2\/pages\/129\/revisions\/258"}],"wp:attachment":[{"href":"https:\/\/grabomassage.se\/index.php\/wp-json\/wp\/v2\/media?parent=129"}],"curies":[{"name":"wp","href":"https:\/\/api.w.org\/{rel}","templated":true}]}}